{"id":1530,"date":"2020-10-21T19:25:05","date_gmt":"2020-10-21T19:25:05","guid":{"rendered":"http:\/\/psychotherapie-kaiserviertel.de\/?page_id=1530"},"modified":"2025-10-07T07:25:25","modified_gmt":"2025-10-07T05:25:25","slug":"contact","status":"publish","type":"page","link":"https:\/\/psychotherapie-kaiserviertel.de\/ru\/contact\/","title":{"rendered":"\u041a\u043e\u043d\u0442\u0430\u043a\u0442"},"content":{"rendered":"<p><div class=\"fusion-fullwidth fullwidth-box fusion-builder-row-1 fusion-flex-container nonhundred-percent-fullwidth non-hundred-percent-height-scrolling\" style=\"--awb-background-position:center top;--awb-background-repeat:repeat-x;--awb-border-sizes-left:3vw;--awb-border-sizes-right:3vw;--awb-border-color:var(--awb-color1);--awb-border-radius-top-left:0px;--awb-border-radius-top-right:0px;--awb-border-radius-bottom-right:0px;--awb-border-radius-bottom-left:0px;--awb-padding-top:0px;--awb-padding-right:7vw;--awb-padding-bottom:10vw;--awb-padding-left:7vw;--awb-padding-bottom-medium:8vw;--awb-padding-bottom-small:14vw;--awb-margin-bottom:0px;--awb-background-color:var(--awb-color7);--awb-flex-wrap:wrap;\" ><div class=\"fusion-builder-row fusion-row fusion-flex-align-items-flex-start fusion-flex-content-wrap\" style=\"max-width:calc( 1300px + 7vw );margin-left: calc(-7vw \/ 2 );margin-right: calc(-7vw \/ 2 );\"><div class=\"fusion-layout-column fusion_builder_column fusion-builder-column-0 fusion_builder_column_3_5 3_5 fusion-flex-column fusion-animated\" style=\"--awb-bg-size:cover;--awb-width-large:60%;--awb-margin-top-large:0px;--awb-spacing-right-large:calc( 0.083333333333333 * calc( 100% - 7vw ) );--awb-margin-bottom-large:0px;--awb-spacing-left-large:3.5vw;--awb-width-medium:60%;--awb-spacing-right-medium:calc( 0.083333333333333 * calc( 100% - 7vw ) );--awb-spacing-left-medium:3.5vw;--awb-width-small:100%;--awb-spacing-right-small:3.5vw;--awb-margin-bottom-small:9vw;--awb-spacing-left-small:3.5vw;\" data-animationtype=\"fadeInUp\" data-animationduration=\"1.3\" data-animationoffset=\"top-into-view\"><div class=\"fusion-column-wrapper fusion-column-has-shadow fusion-flex-justify-content-center fusion-content-layout-column\"><div class=\"fusion-form fusion-form-builder fusion-form-form-wrapper fusion-form-1628\" style=\"--awb-tooltip-text-color:#ffffff;--awb-tooltip-background-color:#333333;\" data-form-id=\"1628\" data-config=\"{&quot;form_id&quot;:&quot;1628&quot;,&quot;form_post_id&quot;:&quot;1628&quot;,&quot;post_id&quot;:1530,&quot;form_type&quot;:&quot;ajax&quot;,&quot;confirmation_type&quot;:&quot;message&quot;,&quot;redirect_url&quot;:&quot;&quot;,&quot;field_labels&quot;:{&quot;first_name&quot;:&quot;Vorname&quot;,&quot;last_name&quot;:&quot;Name&quot;,&quot;email_address&quot;:&quot;E-Mail Adresse&quot;,&quot;message&quot;:&quot;Nachricht&quot;},&quot;field_logics&quot;:{&quot;first_name&quot;:&quot;&quot;,&quot;last_name&quot;:&quot;&quot;,&quot;email_address&quot;:&quot;&quot;,&quot;message&quot;:&quot;&quot;,&quot;notice_1&quot;:&quot;&quot;,&quot;submit_1&quot;:&quot;&quot;},&quot;field_types&quot;:{&quot;first_name&quot;:&quot;text&quot;,&quot;last_name&quot;:&quot;text&quot;,&quot;email_address&quot;:&quot;email&quot;,&quot;message&quot;:&quot;textarea&quot;,&quot;notice_1&quot;:&quot;notice&quot;,&quot;submit_1&quot;:&quot;submit&quot;},&quot;nonce_method&quot;:&quot;ajax&quot;}\"><form action=\"https:\/\/psychotherapie-kaiserviertel.de\/ru\/contact\/\" method=\"post\" class=\"fusion-form fusion-form-1628\" data-trp-original-action=\"https:\/\/psychotherapie-kaiserviertel.de\/ru\/contact\/\"><div class=\"fusion-fullwidth fullwidth-box fusion-builder-row-1-1 fusion-flex-container nonhundred-percent-fullwidth non-hundred-percent-height-scrolling\" style=\"--awb-border-radius-top-left:0px;--awb-border-radius-top-right:0px;--awb-border-radius-bottom-right:0px;--awb-border-radius-bottom-left:0px;--awb-padding-top:0px;--awb-padding-right:0px;--awb-padding-bottom:0px;--awb-padding-left:0px;--awb-margin-top:0px;--awb-margin-bottom:0px;--awb-flex-wrap:wrap;\" ><div class=\"fusion-builder-row fusion-row fusion-flex-align-items-flex-start fusion-flex-content-wrap\" style=\"width:103% !important;max-width:103% !important;margin-left: calc(-3% \/ 2 );margin-right: calc(-3% \/ 2 );\"><div class=\"fusion-layout-column fusion_builder_column fusion-builder-column-1 fusion_builder_column_1_2 1_2 fusion-flex-column\" style=\"--awb-bg-size:cover;--awb-width-large:50%;--awb-flex-grow:0;--awb-flex-shrink:0;--awb-margin-top-large:0px;--awb-spacing-right-large:2.91%;--awb-margin-bottom-large:0px;--awb-spacing-left-large:2.91%;--awb-width-medium:50%;--awb-order-medium:0;--awb-flex-grow-medium:0;--awb-flex-shrink-medium:0;--awb-spacing-right-medium:2.91%;--awb-spacing-left-medium:2.91%;--awb-width-small:100%;--awb-order-small:0;--awb-flex-grow-small:0;--awb-flex-shrink-small:0;--awb-spacing-right-small:1.455%;--awb-spacing-left-small:1.455%;\"><div class=\"fusion-column-wrapper fusion-column-has-shadow fusion-flex-justify-content-flex-start fusion-content-layout-column\"><div class=\"fusion-form-field fusion-form-text-field fusion-form-label-above\" style=\"\" data-form-id=\"1628\"><div class=\"fusion-form-label-wrapper\"><label for=\"first_name\">Vorname <abbr class=\"fusion-form-element-required\" title=\"required\">*<\/abbr><\/label><\/div><input type=\"text\" autocomplete=\"off\" name=\"first_name\" id=\"first_name\" value=\"\"  class=\"fusion-form-input\" required=\"true\" aria-required=\"true\" data-holds-private-data=\"false\" minlength=\"0\"\/><\/div><\/div><\/div><div class=\"fusion-layout-column fusion_builder_column fusion-builder-column-2 fusion_builder_column_1_2 1_2 fusion-flex-column\" style=\"--awb-bg-size:cover;--awb-width-large:50%;--awb-flex-grow:0;--awb-flex-shrink:0;--awb-margin-top-large:0px;--awb-spacing-right-large:2.91%;--awb-margin-bottom-large:0px;--awb-spacing-left-large:2.91%;--awb-width-medium:50%;--awb-order-medium:0;--awb-flex-grow-medium:0;--awb-flex-shrink-medium:0;--awb-spacing-right-medium:2.91%;--awb-spacing-left-medium:2.91%;--awb-width-small:100%;--awb-order-small:0;--awb-flex-grow-small:0;--awb-flex-shrink-small:0;--awb-spacing-right-small:1.455%;--awb-spacing-left-small:1.455%;\"><div class=\"fusion-column-wrapper fusion-column-has-shadow fusion-flex-justify-content-flex-start fusion-content-layout-column\"><div class=\"fusion-form-field fusion-form-text-field fusion-form-label-above\" style=\"\" data-form-id=\"1628\"><div class=\"fusion-form-label-wrapper\"><label for=\"last_name\">Name<\/label><\/div><input type=\"text\" autocomplete=\"off\" name=\"last_name\" id=\"last_name\" value=\"\"  class=\"fusion-form-input\" data-holds-private-data=\"false\" minlength=\"0\"\/><\/div><\/div><\/div><div class=\"fusion-layout-column fusion_builder_column fusion-builder-column-3 fusion_builder_column_1_1 1_1 fusion-flex-column\" style=\"--awb-bg-size:cover;--awb-width-large:100%;--awb-flex-grow:0;--awb-flex-shrink:0;--awb-margin-top-large:0px;--awb-spacing-right-large:1.455%;--awb-margin-bottom-large:0px;--awb-spacing-left-large:1.455%;--awb-width-medium:100%;--awb-order-medium:0;--awb-flex-grow-medium:0;--awb-flex-shrink-medium:0;--awb-spacing-right-medium:1.455%;--awb-spacing-left-medium:1.455%;--awb-width-small:100%;--awb-order-small:0;--awb-flex-grow-small:0;--awb-flex-shrink-small:0;--awb-spacing-right-small:1.455%;--awb-spacing-left-small:1.455%;\"><div class=\"fusion-column-wrapper fusion-column-has-shadow fusion-flex-justify-content-flex-start fusion-content-layout-column\"><div class=\"fusion-form-field fusion-form-email-field fusion-form-label-above\" style=\"\" data-form-id=\"1628\"><div class=\"fusion-form-label-wrapper\"><label for=\"email_address\">E-Mail Adresse <abbr class=\"fusion-form-element-required\" title=\"required\">*<\/abbr><\/label><\/div><input type=\"email\" autocomplete=\"off\" name=\"email_address\" id=\"email_address\" value=\"\"  class=\"fusion-form-input\" required=\"true\" aria-required=\"true\" data-holds-private-data=\"false\"\/><\/div><div class=\"fusion-form-field fusion-form-textarea-field fusion-form-label-above\" style=\"\" data-form-id=\"1628\"><label for=\"message\">Nachricht <abbr class=\"fusion-form-element-required\" title=\"required\">*<\/abbr><\/label><textarea cols=\"40\" autocomplete=\"off\"  minlength=\"0\"  rows=\"4\" tabindex=\"\" id=\"message\" name=\"message\" class=\"fusion-form-input\" required=\"true\" aria-required=\"true\" data-holds-private-data=\"false\"><\/textarea><\/div><div class=\"form-submission-notices data-notice_1\" id=\"fusion-notices-1\"><div class=\"fusion-alert alert success alert-success fusion-alert-center fusion-form-response fusion-form-response-success awb-alert-native-link-color alert-dismissable awb-alert-close-boxed\" role=\"alert\"><div class=\"fusion-alert-content-wrapper\"><span class=\"alert-icon\"><i class=\"awb-icon-check-circle\" aria-hidden=\"true\"><\/i><\/span><span class=\"fusion-alert-content\">Thank you for your message. It has been sent.<\/span><\/div><button type=\"button\" class=\"close toggle-alert\" data-dismiss=\"alert\" aria-label=\"Close\">&times;<\/button><\/div><div class=\"fusion-alert alert error alert-danger fusion-alert-center fusion-form-response fusion-form-response-error awb-alert-native-link-color alert-dismissable awb-alert-close-boxed\" role=\"alert\"><div class=\"fusion-alert-content-wrapper\"><span class=\"alert-icon\"><i class=\"awb-icon-exclamation-triangle\" aria-hidden=\"true\"><\/i><\/span><span class=\"fusion-alert-content\">There was an error trying to send your message. Please try again later.<\/span><\/div><button type=\"button\" class=\"close toggle-alert\" data-dismiss=\"alert\" aria-label=\"Close\">&times;<\/button><\/div><\/div><div class=\"fusion-form-field fusion-form-submit-field fusion-form-label-above\" style=\"\" data-form-id=\"1628\"><div ><button type=\"submit\" class=\"fusion-button button-flat button-xlarge button-custom fusion-button-default button-1 fusion-button-default-span  form-form-submit button-default\" style=\"--button_accent_color:var(--awb-color1);--button_accent_hover_color:var(--awb-color1);--button_border_hover_color:var(--awb-color1);--button_gradient_top_color:var(--awb-color5);--button_gradient_bottom_color:var(--awb-color5);--button_gradient_top_color_hover:hsla(var(--awb-color7-h),var(--awb-color7-s),calc( var(--awb-color7-l) + 4% ),var(--awb-color7-a));--button_gradient_bottom_color_hover:hsla(var(--awb-color7-h),var(--awb-color7-s),calc( var(--awb-color7-l) + 4% ),var(--awb-color7-a));\" data-form-number=\"1628\" tabindex=\"\"><span class=\"fusion-button-text awb-button__text awb-button__text--default\">Kontakt aufnehmen<\/span><\/button><\/div><\/div><\/div><\/div><\/div><\/div><input type=\"hidden\" name=\"fusion_privacy_store_ip_ua\" value=\"false\"><input type=\"hidden\" name=\"fusion_privacy_expiration_interval\" value=\"48\"><input type=\"hidden\" name=\"privacy_expiration_action\" value=\"anonymize\"><input type=\"hidden\" name=\"trp-form-language\" value=\"ru\"\/><\/form><\/div><\/div><\/div><div class=\"fusion-layout-column fusion_builder_column fusion-builder-column-4 fusion_builder_column_2_5 2_5 fusion-flex-column fusion-animated\" style=\"--awb-bg-size:cover;--awb-width-large:40%;--awb-flex-grow:0;--awb-flex-shrink:0;--awb-margin-top-large:0px;--awb-spacing-right-large:calc( 0.125 * calc( 100% - 7vw ) );--awb-margin-bottom-large:0px;--awb-spacing-left-large:3.5vw;--awb-width-medium:40%;--awb-flex-grow-medium:0;--awb-flex-shrink-medium:0;--awb-spacing-right-medium:calc( 0.125 * calc( 100% - 7vw ) );--awb-spacing-left-medium:3.5vw;--awb-width-small:100%;--awb-flex-grow-small:0;--awb-flex-shrink-small:0;--awb-spacing-right-small:3.5vw;--awb-spacing-left-small:3.5vw;\" data-animationtype=\"fadeInUp\" data-animationduration=\"1.3\" data-animationoffset=\"top-into-view\"><div class=\"fusion-column-wrapper fusion-column-has-shadow fusion-flex-justify-content-center fusion-content-layout-column\"><div class=\"fusion-text fusion-text-1\" style=\"--awb-content-alignment:left;--awb-font-size:var(--awb-typography2-font-size);--awb-line-height:var(--awb-typography2-line-height);--awb-letter-spacing:var(--awb-typography2-letter-spacing);--awb-text-transform:var(--awb-typography2-text-transform);--awb-text-color:var(--awb-color1);--awb-text-font-family:var(--awb-typography2-font-family);--awb-text-font-weight:var(--awb-typography2-font-weight);--awb-text-font-style:var(--awb-typography2-font-style);\"><p>Psychologische Beratung &#038; Begleitung<\/p>\n<\/div><div class=\"fusion-text fusion-text-2\" style=\"--awb-content-alignment:left;--awb-font-size:17px;--awb-text-color:var(--awb-color1);\"><p>Jede Situation ist einzigartig. Ich unterst\u00fctze Sie dabei, Klarheit zu gewinnen, Belastungen zu verstehen und neue Perspektiven zu finden. Gemeinsam schaffen wir Raum f\u00fcr Ver\u00e4nderung und pers\u00f6nliche Entwicklung.<\/p>\n<\/div><div ><a class=\"fusion-button button-flat fusion-button-default-size button-custom fusion-button-default button-2 fusion-button-default-span fusion-button-default-type\" style=\"--button_accent_color:var(--awb-color7);--button_border_color:var(--awb-color7);--button_accent_hover_color:var(--awb-color1);--button_border_hover_color:var(--awb-color1);--button_border_width-top:0px;--button_border_width-right:0px;--button_border_width-bottom:0px;--button_border_width-left:0px;--button_gradient_top_color:var(--awb-color1);--button_gradient_bottom_color:var(--awb-color1);--button_gradient_top_color_hover:var(--awb-color5);--button_gradient_bottom_color_hover:var(--awb-color5);--button_margin-top:20px;\" target=\"_self\" href=\"https:\/\/psychotherapie-kaiserviertel.de\/ru\/angebot-zielgruppe-und-methode\/\"><span class=\"fusion-button-text awb-button__text awb-button__text--default\">Mehr \u00fcber meine Arbeit erfahren<\/span><\/a><\/div><\/div><\/div><\/div><\/div><div class=\"fusion-fullwidth fullwidth-box fusion-builder-row-2 fusion-flex-container nonhundred-percent-fullwidth non-hundred-percent-height-scrolling\" style=\"--awb-border-radius-top-left:0px;--awb-border-radius-top-right:0px;--awb-border-radius-bottom-right:0px;--awb-border-radius-bottom-left:0px;--awb-padding-top:7vw;--awb-padding-bottom:6vw;--awb-padding-right-small:12vw;--awb-padding-bottom-small:12vw;--awb-padding-left-small:12vw;--awb-flex-wrap:wrap;\" ><div class=\"fusion-builder-row fusion-row fusion-flex-align-items-flex-start fusion-flex-content-wrap\" style=\"max-width:1365px;margin-left: calc(-5% \/ 2 );margin-right: calc(-5% \/ 2 );\"><div class=\"fusion-layout-column fusion_builder_column fusion-builder-column-5 fusion_builder_column_1_3 1_3 fusion-flex-column\" style=\"--awb-bg-blend:overlay;--awb-bg-size:cover;--awb-width-large:33.333333333333%;--awb-flex-grow:0;--awb-flex-shrink:0;--awb-margin-top-large:0px;--awb-spacing-right-large:5.7%;--awb-margin-bottom-large:0px;--awb-spacing-left-large:7.125%;--awb-width-medium:33.333333333333%;--awb-flex-grow-medium:0;--awb-flex-shrink-medium:0;--awb-spacing-right-medium:5.7%;--awb-spacing-left-medium:7.125%;--awb-width-small:100%;--awb-flex-grow-small:0;--awb-flex-shrink-small:0;--awb-spacing-right-small:2.375%;--awb-spacing-left-small:2.375%;\"><div class=\"fusion-column-wrapper fusion-flex-justify-content-flex-start fusion-content-layout-column\"><div class=\"fusion-title title fusion-title-1 fusion-sep-none fusion-title-text fusion-title-size-three\" style=\"--awb-font-size:41px;\"><h3 class=\"fusion-title-heading title-heading-left\" style=\"margin:0;font-size:1em;line-height:1.3em;\"><p>\u201eJede Begegnung ist eine Einladung, sich selbst besser zu verstehen.\u201c<\/p>\n<p><b><\/b>\u2014 <i>Alina Lempfuhl<\/i><\/p><\/h3><\/div><\/div><\/div><div class=\"fusion-layout-column fusion_builder_column fusion-builder-column-6 fusion_builder_column_1_3 1_3 fusion-flex-column\" style=\"--awb-padding-top:10px;--awb-bg-blend:overlay;--awb-bg-size:cover;--awb-width-large:33.333333333333%;--awb-flex-grow:0;--awb-flex-shrink:0;--awb-margin-top-large:0px;--awb-spacing-right-large:5.7%;--awb-margin-bottom-large:0px;--awb-spacing-left-large:5.7%;--awb-width-medium:33.333333333333%;--awb-flex-grow-medium:0;--awb-flex-shrink-medium:0;--awb-spacing-right-medium:5.7%;--awb-spacing-left-medium:5.7%;--awb-width-small:100%;--awb-flex-grow-small:0;--awb-flex-shrink-small:0;--awb-spacing-right-small:2.375%;--awb-spacing-left-small:2.375%;\"><div class=\"fusion-column-wrapper fusion-flex-justify-content-flex-start fusion-content-layout-column\"><div class=\"fusion-text fusion-text-3\"><p>Kontakt aufzunehmen ist oft der erste Schritt zu Ver\u00e4nderung. Ein Gespr\u00e4ch kann helfen, Gedanken zu ordnen, neue Perspektiven zu gewinnen<br \/>\nund den Mut zu finden, den eigenen Weg weiterzugehen. Ich freue mich, Sie auf diesem Weg zu begleiten.<\/p>\n<\/div><\/div><\/div><div class=\"fusion-layout-column fusion_builder_column fusion-builder-column-7 fusion_builder_column_1_3 1_3 fusion-flex-column\" style=\"--awb-padding-top:10px;--awb-bg-blend:overlay;--awb-bg-size:cover;--awb-width-large:33.333333333333%;--awb-flex-grow:0;--awb-flex-shrink:0;--awb-margin-top-large:0px;--awb-spacing-right-large:7.125%;--awb-margin-bottom-large:0px;--awb-spacing-left-large:5.7%;--awb-width-medium:33.333333333333%;--awb-flex-grow-medium:0;--awb-flex-shrink-medium:0;--awb-spacing-right-medium:7.125%;--awb-spacing-left-medium:5.7%;--awb-width-small:100%;--awb-flex-grow-small:0;--awb-flex-shrink-small:0;--awb-spacing-right-small:2.375%;--awb-spacing-left-small:2.375%;\"><div class=\"fusion-column-wrapper fusion-flex-justify-content-flex-start fusion-content-layout-column\"><div class=\"fusion-text fusion-text-4\"><p>Ob Sie sich informieren m\u00f6chten, ein Anliegen teilen oder direkt einen Termin w\u00fcnschen \u2013 schreiben Sie mir gern. Manchmal reicht ein offenes Gespr\u00e4ch, um den n\u00e4chsten Schritt klarer zu sehen.<\/p>\n<\/div><\/div><\/div><\/div><\/div><\/p>","protected":false},"excerpt":{"rendered":"","protected":false},"author":1,"featured_media":1715,"parent":0,"menu_order":0,"comment_status":"closed","ping_status":"closed","template":"100-width.php","meta":{"footnotes":""},"class_list":["post-1530","page","type-page","status-publish","has-post-thumbnail","hentry"],"_links":{"self":[{"href":"https:\/\/psychotherapie-kaiserviertel.de\/ru\/wp-json\/wp\/v2\/pages\/1530","targetHints":{"allow":["GET"]}}],"collection":[{"href":"https:\/\/psychotherapie-kaiserviertel.de\/ru\/wp-json\/wp\/v2\/pages"}],"about":[{"href":"https:\/\/psychotherapie-kaiserviertel.de\/ru\/wp-json\/wp\/v2\/types\/page"}],"author":[{"embeddable":true,"href":"https:\/\/psychotherapie-kaiserviertel.de\/ru\/wp-json\/wp\/v2\/users\/1"}],"replies":[{"embeddable":true,"href":"https:\/\/psychotherapie-kaiserviertel.de\/ru\/wp-json\/wp\/v2\/comments?post=1530"}],"version-history":[{"count":4,"href":"https:\/\/psychotherapie-kaiserviertel.de\/ru\/wp-json\/wp\/v2\/pages\/1530\/revisions"}],"predecessor-version":[{"id":2036,"href":"https:\/\/psychotherapie-kaiserviertel.de\/ru\/wp-json\/wp\/v2\/pages\/1530\/revisions\/2036"}],"wp:featuredmedia":[{"embeddable":true,"href":"https:\/\/psychotherapie-kaiserviertel.de\/ru\/wp-json\/wp\/v2\/media\/1715"}],"wp:attachment":[{"href":"https:\/\/psychotherapie-kaiserviertel.de\/ru\/wp-json\/wp\/v2\/media?parent=1530"}],"curies":[{"name":"wp","href":"https:\/\/api.w.org\/{rel}","templated":true}]}}